{"id":2,"date":"2018-03-26T21:37:25","date_gmt":"2018-03-26T21:37:25","guid":{"rendered":"http:\/\/dusa.com.tr\/\/?page_id=2"},"modified":"2022-06-26T00:58:31","modified_gmt":"2022-06-25T21:58:31","slug":"sample-page","status":"publish","type":"page","link":"https:\/\/dusa.com.tr\/","title":{"rendered":"D\u00fcsa"},"content":{"rendered":"\t\t<div data-elementor-type=\"wp-post\" data-elementor-id=\"2\" class=\"elementor elementor-2\">\n\t\t\t\t\t\t<section class=\"elementor-section elementor-top-section elementor-element elementor-element-a53df1e elementor-section-content-middle elementor-section-boxed elementor-section-height-default elementor-section-height-default\" data-id=\"a53df1e\" data-element_type=\"section\" data-e-type=\"section\" data-settings=\"{&quot;background_background&quot;:&quot;classic&quot;}\">\n\t\t\t\t\t\t<div class=\"elementor-container elementor-column-gap-no\">\n\t\t\t\t\t<div class=\"elementor-column elementor-col-100 elementor-top-column elementor-element elementor-element-23d0413\" data-id=\"23d0413\" data-element_type=\"column\" data-e-type=\"column\" data-settings=\"{&quot;background_background&quot;:&quot;classic&quot;}\">\n\t\t\t<div class=\"elementor-widget-wrap elementor-element-populated\">\n\t\t\t\t\t\t<div class=\"elementor-element elementor-element-186c503 elementor-widget elementor-widget-image\" data-id=\"186c503\" data-element_type=\"widget\" data-e-type=\"widget\" data-widget_type=\"image.default\">\n\t\t\t\t<div class=\"elementor-widget-container\">\n\t\t\t\t\t\t\t\t\t\t\t\t\t\t\t<img decoding=\"async\" src=\"https:\/\/dusa.com.tr\/wp-content\/uploads\/elementor\/thumbs\/dusa-logo-nreti21qeq6aof1pbp6a7leh72laeoh12q0ut7dm5s.png\" title=\"dusa-logo\" alt=\"dusa-logo\" loading=\"lazy\" \/>\t\t\t\t\t\t\t\t\t\t\t\t\t\t\t<\/div>\n\t\t\t\t<\/div>\n\t\t\t\t\t<\/div>\n\t\t<\/div>\n\t\t\t\t\t<\/div>\n\t\t<\/section>\n\t\t\t\t<section class=\"elementor-section elementor-top-section elementor-element elementor-element-acb236e elementor-section-content-middle elementor-section-boxed elementor-section-height-default elementor-section-height-default\" data-id=\"acb236e\" data-element_type=\"section\" data-e-type=\"section\" data-settings=\"{&quot;background_background&quot;:&quot;classic&quot;}\">\n\t\t\t\t\t\t<div class=\"elementor-container elementor-column-gap-no\">\n\t\t\t\t\t<div class=\"elementor-column elementor-col-100 elementor-top-column elementor-element elementor-element-0c0c73c\" data-id=\"0c0c73c\" data-element_type=\"column\" data-e-type=\"column\" data-settings=\"{&quot;background_background&quot;:&quot;classic&quot;}\">\n\t\t\t<div class=\"elementor-widget-wrap elementor-element-populated\">\n\t\t\t\t\t\t<section class=\"elementor-section elementor-inner-section elementor-element elementor-element-688ceca elementor-section-boxed elementor-section-height-default elementor-section-height-default\" data-id=\"688ceca\" data-element_type=\"section\" data-e-type=\"section\" data-settings=\"{&quot;background_background&quot;:&quot;classic&quot;}\">\n\t\t\t\t\t\t\t<div class=\"elementor-background-overlay\"><\/div>\n\t\t\t\t\t\t\t<div class=\"elementor-container elementor-column-gap-default\">\n\t\t\t\t\t<div class=\"elementor-column elementor-col-100 elementor-inner-column elementor-element elementor-element-9c6728d\" data-id=\"9c6728d\" data-element_type=\"column\" data-e-type=\"column\">\n\t\t\t<div class=\"elementor-widget-wrap elementor-element-populated\">\n\t\t\t\t\t\t<div class=\"elementor-element elementor-element-6ad0fe8 elementor-widget elementor-widget-heading\" data-id=\"6ad0fe8\" data-element_type=\"widget\" data-e-type=\"widget\" data-widget_type=\"heading.default\">\n\t\t\t\t<div class=\"elementor-widget-container\">\n\t\t\t\t\t<h4 class=\"elementor-heading-title elementor-size-default\">D\u00fcsa M\u00fchendislik \u015eirketler Grubu, \u00fc\u00e7 farkl\u0131 kurulu\u015fu ile ihtiyac\u0131n\u0131za \u00f6zel yenilik\u00e7i \u00e7\u00f6z\u00fcmler sunar.<br><\/h4>\t\t\t\t<\/div>\n\t\t\t\t<\/div>\n\t\t\t\t\t<\/div>\n\t\t<\/div>\n\t\t\t\t\t<\/div>\n\t\t<\/section>\n\t\t\t\t<section class=\"elementor-section elementor-inner-section elementor-element elementor-element-52c3696 elementor-section-boxed elementor-section-height-default elementor-section-height-default\" data-id=\"52c3696\" data-element_type=\"section\" data-e-type=\"section\" data-settings=\"{&quot;background_background&quot;:&quot;gradient&quot;}\">\n\t\t\t\t\t\t<div class=\"elementor-container elementor-column-gap-default\">\n\t\t\t\t\t<div class=\"elementor-column elementor-col-50 elementor-inner-column elementor-element elementor-element-f56d8ec\" data-id=\"f56d8ec\" data-element_type=\"column\" data-e-type=\"column\">\n\t\t\t<div class=\"elementor-widget-wrap elementor-element-populated\">\n\t\t\t\t\t\t<div class=\"elementor-element elementor-element-816e823 elementor-widget elementor-widget-text-editor\" data-id=\"816e823\" data-element_type=\"widget\" data-e-type=\"widget\" data-widget_type=\"text-editor.default\">\n\t\t\t\t<div class=\"elementor-widget-container\">\n\t\t\t\t\t\t\t\t\t<h5><span style=\"color: #ffffff;\">A Lift markas\u0131yla; Asans\u00f6r ve Engelli Sistemleri sekt\u00f6r\u00fcnde hizmet verirken Y\u00fck Platformlar\u0131 ve \u00f6zel tasar\u0131m y\u00fck asans\u00f6rleri tasarlay\u0131p \u00fcretmektedir.\u00a0<\/span><\/h5><h5><span style=\"color: #ffffff;\">B-Line\u00a0Markas\u0131 alt\u0131nda y\u00fcr\u00fcyen merdiven sat\u0131\u015f, montaj ve bak\u0131m hizmetleri sunmaktad\u0131r.<\/span><\/h5><div><h5><span style=\"color: #ffffff;\">D\u00fcsa M\u00fchendislik t\u00fcm kurulu\u015flar\u0131nda; \u00fcretim, montaj, periyodik bak\u0131m ve ar\u0131za s\u00fcre\u00e7lerinde ko\u015fulsuz m\u00fc\u015fteri memnuniyetini hedefler.\u00a0<\/span><\/h5><\/div>\t\t\t\t\t\t\t\t<\/div>\n\t\t\t\t<\/div>\n\t\t\t\t\t<\/div>\n\t\t<\/div>\n\t\t\t\t<div class=\"elementor-column elementor-col-50 elementor-inner-column elementor-element elementor-element-5a485a1\" data-id=\"5a485a1\" data-element_type=\"column\" data-e-type=\"column\">\n\t\t\t<div class=\"elementor-widget-wrap elementor-element-populated\">\n\t\t\t\t\t\t<div class=\"elementor-element elementor-element-d8a6075 elementor-invisible elementor-widget elementor-widget-image\" data-id=\"d8a6075\" data-element_type=\"widget\" data-e-type=\"widget\" data-settings=\"{&quot;_animation&quot;:&quot;bounceIn&quot;}\" data-widget_type=\"image.default\">\n\t\t\t\t<div class=\"elementor-widget-container\">\n\t\t\t\t\t\t\t\t\t\t\t\t\t\t\t<img fetchpriority=\"high\" decoding=\"async\" width=\"768\" height=\"450\" src=\"https:\/\/dusa.com.tr\/wp-content\/uploads\/2018\/06\/dusa-asansor-768x450.jpg\" class=\"attachment-medium_large size-medium_large wp-image-82\" alt=\"\" srcset=\"https:\/\/dusa.com.tr\/wp-content\/uploads\/2018\/06\/dusa-asansor-768x450.jpg 768w, https:\/\/dusa.com.tr\/wp-content\/uploads\/2018\/06\/dusa-asansor-450x264.jpg 450w, https:\/\/dusa.com.tr\/wp-content\/uploads\/2018\/06\/dusa-asansor-300x176.jpg 300w, https:\/\/dusa.com.tr\/wp-content\/uploads\/2018\/06\/dusa-asansor-1024x600.jpg 1024w, https:\/\/dusa.com.tr\/wp-content\/uploads\/2018\/06\/dusa-asansor.jpg 1280w\" sizes=\"(max-width: 768px) 100vw, 768px\" \/>\t\t\t\t\t\t\t\t\t\t\t\t\t\t\t<\/div>\n\t\t\t\t<\/div>\n\t\t\t\t\t<\/div>\n\t\t<\/div>\n\t\t\t\t\t<\/div>\n\t\t<\/section>\n\t\t\t\t\t<\/div>\n\t\t<\/div>\n\t\t\t\t\t<\/div>\n\t\t<\/section>\n\t\t\t\t<section class=\"elementor-section elementor-top-section elementor-element elementor-element-397d951 elementor-section-stretched elementor-section-height-min-height elementor-section-content-middle elementor-section-boxed elementor-section-height-default elementor-section-items-middle\" data-id=\"397d951\" data-element_type=\"section\" data-e-type=\"section\" data-settings=\"{&quot;stretch_section&quot;:&quot;section-stretched&quot;}\">\n\t\t\t\t\t\t<div class=\"elementor-container elementor-column-gap-wide\">\n\t\t\t\t\t<div class=\"elementor-column elementor-col-33 elementor-top-column elementor-element elementor-element-fb92da6 elementor-invisible\" data-id=\"fb92da6\" data-element_type=\"column\" data-e-type=\"column\" data-settings=\"{&quot;background_background&quot;:&quot;classic&quot;,&quot;animation&quot;:&quot;zoomIn&quot;}\">\n\t\t\t<div class=\"elementor-widget-wrap elementor-element-populated\">\n\t\t\t\t\t\t<div class=\"elementor-element elementor-element-dc20244 elementor-widget elementor-widget-image\" data-id=\"dc20244\" data-element_type=\"widget\" data-e-type=\"widget\" data-widget_type=\"image.default\">\n\t\t\t\t<div class=\"elementor-widget-container\">\n\t\t\t\t\t\t\t\t\t\t\t\t\t\t\t\t<a href=\"https:\/\/www.aliftengelli.com.tr\/\">\n\t\t\t\t\t\t\t<img decoding=\"async\" src=\"https:\/\/dusa.com.tr\/wp-content\/uploads\/elementor\/thumbs\/alift-asansor-logo-oncixx1tc2mnn801rai60lwfs4v0tpfgui7vbgxuc6.png\" title=\"alift-asansor-logo\" alt=\"alift-asansor-logo\" loading=\"lazy\" \/>\t\t\t\t\t\t\t\t<\/a>\n\t\t\t\t\t\t\t\t\t\t\t\t\t\t\t<\/div>\n\t\t\t\t<\/div>\n\t\t\t\t<div class=\"elementor-element elementor-element-3340c5c elementor-widget elementor-widget-image\" data-id=\"3340c5c\" data-element_type=\"widget\" data-e-type=\"widget\" data-widget_type=\"image.default\">\n\t\t\t\t<div class=\"elementor-widget-container\">\n\t\t\t\t\t\t\t\t\t\t\t\t\t\t\t\t<a href=\"https:\/\/www.aliftengelli.com.tr\/\">\n\t\t\t\t\t\t\t<img decoding=\"async\" width=\"595\" height=\"396\" src=\"https:\/\/dusa.com.tr\/wp-content\/uploads\/2020\/03\/alift-asansor-bakim.jpg\" class=\"attachment-large size-large wp-image-113\" alt=\"\" srcset=\"https:\/\/dusa.com.tr\/wp-content\/uploads\/2020\/03\/alift-asansor-bakim.jpg 595w, https:\/\/dusa.com.tr\/wp-content\/uploads\/2020\/03\/alift-asansor-bakim-450x299.jpg 450w, https:\/\/dusa.com.tr\/wp-content\/uploads\/2020\/03\/alift-asansor-bakim-300x200.jpg 300w\" sizes=\"(max-width: 595px) 100vw, 595px\" \/>\t\t\t\t\t\t\t\t<\/a>\n\t\t\t\t\t\t\t\t\t\t\t\t\t\t\t<\/div>\n\t\t\t\t<\/div>\n\t\t\t\t\t<\/div>\n\t\t<\/div>\n\t\t\t\t<div class=\"elementor-column elementor-col-33 elementor-top-column elementor-element elementor-element-f4f5102 elementor-invisible\" data-id=\"f4f5102\" data-element_type=\"column\" data-e-type=\"column\" data-settings=\"{&quot;background_background&quot;:&quot;classic&quot;,&quot;animation&quot;:&quot;zoomIn&quot;}\">\n\t\t\t<div class=\"elementor-widget-wrap elementor-element-populated\">\n\t\t\t\t\t\t<div class=\"elementor-element elementor-element-efbe349 elementor-widget elementor-widget-image\" data-id=\"efbe349\" data-element_type=\"widget\" data-e-type=\"widget\" data-widget_type=\"image.default\">\n\t\t\t\t<div class=\"elementor-widget-container\">\n\t\t\t\t\t\t\t\t\t\t\t\t\t\t\t\t<a href=\"https:\/\/www.aliftengelli.com.tr\/\">\n\t\t\t\t\t\t\t<img decoding=\"async\" src=\"https:\/\/dusa.com.tr\/wp-content\/uploads\/elementor\/thumbs\/alift-engelli-logo-mavi-oncixyxhpqp8afxbgbbf5lfcywlr93mxiriua0v1zq.png\" title=\"alift-engelli-logo-mavi\" alt=\"alift-engelli-logo-mavi\" loading=\"lazy\" \/>\t\t\t\t\t\t\t\t<\/a>\n\t\t\t\t\t\t\t\t\t\t\t\t\t\t\t<\/div>\n\t\t\t\t<\/div>\n\t\t\t\t<div class=\"elementor-element elementor-element-4e0a083 elementor-widget elementor-widget-image\" data-id=\"4e0a083\" data-element_type=\"widget\" data-e-type=\"widget\" data-widget_type=\"image.default\">\n\t\t\t\t<div class=\"elementor-widget-container\">\n\t\t\t\t\t\t\t\t\t\t\t\t\t\t\t\t<a href=\"https:\/\/www.aliftengelli.com.tr\/\">\n\t\t\t\t\t\t\t<img decoding=\"async\" width=\"595\" height=\"396\" src=\"https:\/\/dusa.com.tr\/wp-content\/uploads\/2020\/03\/koltuk-tipi-merdiven-asansoru.jpg\" class=\"attachment-full size-full wp-image-105\" alt=\"\" srcset=\"https:\/\/dusa.com.tr\/wp-content\/uploads\/2020\/03\/koltuk-tipi-merdiven-asansoru.jpg 595w, https:\/\/dusa.com.tr\/wp-content\/uploads\/2020\/03\/koltuk-tipi-merdiven-asansoru-450x299.jpg 450w, https:\/\/dusa.com.tr\/wp-content\/uploads\/2020\/03\/koltuk-tipi-merdiven-asansoru-300x200.jpg 300w\" sizes=\"(max-width: 595px) 100vw, 595px\" \/>\t\t\t\t\t\t\t\t<\/a>\n\t\t\t\t\t\t\t\t\t\t\t\t\t\t\t<\/div>\n\t\t\t\t<\/div>\n\t\t\t\t\t<\/div>\n\t\t<\/div>\n\t\t\t\t<div class=\"elementor-column elementor-col-33 elementor-top-column elementor-element elementor-element-05f5935 elementor-invisible\" data-id=\"05f5935\" data-element_type=\"column\" data-e-type=\"column\" data-settings=\"{&quot;background_background&quot;:&quot;classic&quot;,&quot;animation&quot;:&quot;zoomIn&quot;}\">\n\t\t\t<div class=\"elementor-widget-wrap elementor-element-populated\">\n\t\t\t\t\t\t<div class=\"elementor-element elementor-element-c60df79 elementor-widget elementor-widget-image\" data-id=\"c60df79\" data-element_type=\"widget\" data-e-type=\"widget\" data-widget_type=\"image.default\">\n\t\t\t\t<div class=\"elementor-widget-container\">\n\t\t\t\t\t\t\t\t\t\t\t\t\t\t\t\t<a href=\"https:\/\/www.aliftengelli.com.tr\/\">\n\t\t\t\t\t\t\t<img decoding=\"async\" src=\"https:\/\/dusa.com.tr\/wp-content\/uploads\/elementor\/thumbs\/b-line-nreub55wob7uslz9eflysa5matgr7mph4dofb0aroi.png\" title=\"b-line\" alt=\"b-line\" loading=\"lazy\" \/>\t\t\t\t\t\t\t\t<\/a>\n\t\t\t\t\t\t\t\t\t\t\t\t\t\t\t<\/div>\n\t\t\t\t<\/div>\n\t\t\t\t<div class=\"elementor-element elementor-element-e80f7a8 elementor-widget elementor-widget-image\" data-id=\"e80f7a8\" data-element_type=\"widget\" data-e-type=\"widget\" data-widget_type=\"image.default\">\n\t\t\t\t<div class=\"elementor-widget-container\">\n\t\t\t\t\t\t\t\t\t\t\t\t\t\t\t<img loading=\"lazy\" decoding=\"async\" width=\"595\" height=\"396\" src=\"https:\/\/dusa.com.tr\/wp-content\/uploads\/2020\/03\/alift-bline-yuruyen-merdiven-3.jpg\" class=\"attachment-full size-full wp-image-111\" alt=\"\" srcset=\"https:\/\/dusa.com.tr\/wp-content\/uploads\/2020\/03\/alift-bline-yuruyen-merdiven-3.jpg 595w, https:\/\/dusa.com.tr\/wp-content\/uploads\/2020\/03\/alift-bline-yuruyen-merdiven-3-450x299.jpg 450w, https:\/\/dusa.com.tr\/wp-content\/uploads\/2020\/03\/alift-bline-yuruyen-merdiven-3-300x200.jpg 300w\" sizes=\"(max-width: 595px) 100vw, 595px\" \/>\t\t\t\t\t\t\t\t\t\t\t\t\t\t\t<\/div>\n\t\t\t\t<\/div>\n\t\t\t\t\t<\/div>\n\t\t<\/div>\n\t\t\t\t\t<\/div>\n\t\t<\/section>\n\t\t\t\t<section class=\"elementor-section elementor-top-section elementor-element elementor-element-971c2d6 elementor-section-full_width elementor-section-content-middle elementor-section-height-default elementor-section-height-default\" data-id=\"971c2d6\" data-element_type=\"section\" data-e-type=\"section\">\n\t\t\t\t\t\t<div class=\"elementor-container elementor-column-gap-extended\">\n\t\t\t\t\t<div class=\"elementor-column elementor-col-100 elementor-top-column elementor-element elementor-element-53916d4\" data-id=\"53916d4\" data-element_type=\"column\" data-e-type=\"column\">\n\t\t\t<div class=\"elementor-widget-wrap elementor-element-populated\">\n\t\t\t\t\t\t<div class=\"elementor-element elementor-element-71c9ecf elementor-widget elementor-widget-image\" data-id=\"71c9ecf\" data-element_type=\"widget\" data-e-type=\"widget\" data-widget_type=\"image.default\">\n\t\t\t\t<div class=\"elementor-widget-container\">\n\t\t\t\t\t\t\t\t\t\t\t\t\t\t\t<img decoding=\"async\" src=\"https:\/\/dusa.com.tr\/wp-content\/uploads\/elementor\/thumbs\/dusa-logo-beyaz-nretpu5l5kny23inrsz1h67b8nlj1oi8jrsjmzww1y.png\" title=\"dusa-logo-beyaz\" alt=\"dusa-logo-beyaz\" loading=\"lazy\" \/>\t\t\t\t\t\t\t\t\t\t\t\t\t\t\t<\/div>\n\t\t\t\t<\/div>\n\t\t\t\t<section class=\"elementor-section elementor-inner-section elementor-element elementor-element-529390b elementor-section-boxed elementor-section-height-default elementor-section-height-default\" data-id=\"529390b\" data-element_type=\"section\" data-e-type=\"section\">\n\t\t\t\t\t\t<div class=\"elementor-container elementor-column-gap-default\">\n\t\t\t\t\t<div class=\"elementor-column elementor-col-50 elementor-inner-column elementor-element elementor-element-0c31b99\" data-id=\"0c31b99\" data-element_type=\"column\" data-e-type=\"column\">\n\t\t\t<div class=\"elementor-widget-wrap elementor-element-populated\">\n\t\t\t\t\t\t<div class=\"elementor-element elementor-element-7c2d7a0 elementor-widget elementor-widget-text-editor\" data-id=\"7c2d7a0\" data-element_type=\"widget\" data-e-type=\"widget\" data-widget_type=\"text-editor.default\">\n\t\t\t\t<div class=\"elementor-widget-container\">\n\t\t\t\t\t\t\t\t\t<p><span style=\"color: #ffffff;\">\u00d6merbey Mahallesi&nbsp;<span style=\"font-size: 1rem;\">Bursa Asfalt\u0131 Cd. No: 26\/B&nbsp;<\/span><span style=\"font-size: 1rem;\">16940&nbsp;&nbsp;<br><\/span><\/span><span style=\"font-size: 1rem; font-family: var( --e-global-typography-text-font-family ), Sans-serif; font-weight: var( --e-global-typography-text-font-weight );\">Mudanya \/ Bursa<\/span><\/p><p><span style=\"color: #ffffff;\"><span style=\"font-size: 1rem;\">Tel: 0224. 543 0 300 Faks: 0224 544 47 25<br><br><a style=\"color: #ffffff;\" href=\"mailto:info@dusa.com.tr\">info@dusa.com.tr<\/a><\/span><\/span><\/p>\t\t\t\t\t\t\t\t<\/div>\n\t\t\t\t<\/div>\n\t\t\t\t\t<\/div>\n\t\t<\/div>\n\t\t\t\t<div class=\"elementor-column elementor-col-50 elementor-inner-column elementor-element elementor-element-95ad959\" data-id=\"95ad959\" data-element_type=\"column\" data-e-type=\"column\">\n\t\t\t<div class=\"elementor-widget-wrap elementor-element-populated\">\n\t\t\t\t\t\t<div class=\"elementor-element elementor-element-6086bd9 elementor-widget elementor-widget-text-editor\" data-id=\"6086bd9\" data-element_type=\"widget\" data-e-type=\"widget\" data-widget_type=\"text-editor.default\">\n\t\t\t\t<div class=\"elementor-widget-container\">\n\t\t\t\t\t\t\t\t\t<p><span style=\"color: #ffffff;\"><b>B\u00d6LGE SERV\u0130SLER\u0130M\u0130Z:<\/b><\/span><\/p>\n<p><b>BURSA DO\u011eU :&nbsp;<\/b><b style=\"font-family: var( --e-global-typography-text-font-family ), Sans-serif;\">0546 506 28 10<\/b><\/p>\n<p><b>BURSA BATI :&nbsp;<\/b><b style=\"font-family: var( --e-global-typography-text-font-family ), Sans-serif;\">0546 506 29 10<\/b><\/p>\n<p><b>MUDANYA :&nbsp;<\/b><b style=\"font-family: var( --e-global-typography-text-font-family ), Sans-serif;\">0546 506 30 10<\/b><\/p>\n<p><b>G\u00dcZELYALI :&nbsp;<\/b><b style=\"font-family: var( --e-global-typography-text-font-family ), Sans-serif;\">0546 506 38 10<\/b><\/p>\n<p><span style=\"color: #ffffff;\"><b>&nbsp;<\/b><\/span><\/p>\t\t\t\t\t\t\t\t<\/div>\n\t\t\t\t<\/div>\n\t\t\t\t\t<\/div>\n\t\t<\/div>\n\t\t\t\t\t<\/div>\n\t\t<\/section>\n\t\t\t\t\t<\/div>\n\t\t<\/div>\n\t\t\t\t\t<\/div>\n\t\t<\/section>\n\t\t\t\t<section class=\"elementor-section elementor-top-section elementor-element elementor-element-5ca0a65 elementor-section-boxed elementor-section-height-default elementor-section-height-default\" data-id=\"5ca0a65\" data-element_type=\"section\" data-e-type=\"section\">\n\t\t\t\t\t\t<div class=\"elementor-container elementor-column-gap-default\">\n\t\t\t\t\t<div class=\"elementor-column elementor-col-100 elementor-top-column elementor-element elementor-element-640dd65\" data-id=\"640dd65\" data-element_type=\"column\" data-e-type=\"column\">\n\t\t\t<div class=\"elementor-widget-wrap elementor-element-populated\">\n\t\t\t\t\t\t<div class=\"elementor-element elementor-element-46c6c8f elementor-widget__width-inherit elementor-absolute elementor-widget elementor-widget-google_maps\" data-id=\"46c6c8f\" data-element_type=\"widget\" data-e-type=\"widget\" data-settings=\"{&quot;_position&quot;:&quot;absolute&quot;}\" data-widget_type=\"google_maps.default\">\n\t\t\t\t<div class=\"elementor-widget-container\">\n\t\t\t\t\t\t\t<div class=\"elementor-custom-embed\">\n\t\t\t<iframe loading=\"lazy\"\n\t\t\t\t\tsrc=\"https:\/\/maps.google.com\/maps?q=%C3%96merbey%20Mahallesi%20Bursa%20Asfalt%C4%B1%20Cd.%20No%3A%2026&#038;t=m&#038;z=10&#038;output=embed&#038;iwloc=near\"\n\t\t\t\t\ttitle=\"\u00d6merbey Mahallesi Bursa Asfalt\u0131 Cd. No: 26\"\n\t\t\t\t\taria-label=\"\u00d6merbey Mahallesi Bursa Asfalt\u0131 Cd. No: 26\"\n\t\t\t><\/iframe>\n\t\t<\/div>\n\t\t\t\t\t\t<\/div>\n\t\t\t\t<\/div>\n\t\t\t\t\t<\/div>\n\t\t<\/div>\n\t\t\t\t\t<\/div>\n\t\t<\/section>\n\t\t\t\t<\/div>\n\t\t","protected":false},"excerpt":{"rendered":"<p>D\u00fcsa M\u00fchendislik \u015eirketler Grubu, \u00fc\u00e7 farkl\u0131 kurulu\u015fu ile ihtiyac\u0131n\u0131za \u00f6zel yenilik\u00e7i \u00e7\u00f6z\u00fcmler sunar. A Lift markas\u0131yla; Asans\u00f6r ve Engelli Sistemleri sekt\u00f6r\u00fcnde hizmet verirken Y\u00fck Platformlar\u0131 ve \u00f6zel tasar\u0131m y\u00fck asans\u00f6rleri tasarlay\u0131p \u00fcretmektedir.\u00a0 B-Line\u00a0Markas\u0131 alt\u0131nda y\u00fcr\u00fcyen merdiven sat\u0131\u015f, montaj ve bak\u0131m hizmetleri sunmaktad\u0131r. D\u00fcsa M\u00fchendislik t\u00fcm kurulu\u015flar\u0131nda; \u00fcretim, montaj, periyodik bak\u0131m ve ar\u0131za s\u00fcre\u00e7lerinde ko\u015fulsuz m\u00fc\u015fteri [&hellip;]<\/p>\n","protected":false},"author":1,"featured_media":0,"parent":0,"menu_order":0,"comment_status":"closed","ping_status":"open","template":"elementor_canvas","meta":{"footnotes":""},"class_list":["post-2","page","type-page","status-publish","hentry"],"_links":{"self":[{"href":"https:\/\/dusa.com.tr\/index.php\/wp-json\/wp\/v2\/pages\/2"}],"collection":[{"href":"https:\/\/dusa.com.tr\/index.php\/wp-json\/wp\/v2\/pages"}],"about":[{"href":"https:\/\/dusa.com.tr\/index.php\/wp-json\/wp\/v2\/types\/page"}],"author":[{"embeddable":true,"href":"https:\/\/dusa.com.tr\/index.php\/wp-json\/wp\/v2\/users\/1"}],"replies":[{"embeddable":true,"href":"https:\/\/dusa.com.tr\/index.php\/wp-json\/wp\/v2\/comments?post=2"}],"version-history":[{"count":60,"href":"https:\/\/dusa.com.tr\/index.php\/wp-json\/wp\/v2\/pages\/2\/revisions"}],"predecessor-version":[{"id":311,"href":"https:\/\/dusa.com.tr\/index.php\/wp-json\/wp\/v2\/pages\/2\/revisions\/311"}],"wp:attachment":[{"href":"https:\/\/dusa.com.tr\/index.php\/wp-json\/wp\/v2\/media?parent=2"}],"curies":[{"name":"wp","href":"https:\/\/api.w.org\/{rel}","templated":true}]}}